{"id":7,"date":"2021-12-21T10:38:53","date_gmt":"2021-12-21T10:38:53","guid":{"rendered":"https:\/\/nitro.edt.ru.nl\/anatomie\/?page_id=7"},"modified":"2024-05-07T14:24:39","modified_gmt":"2024-05-07T14:24:39","slug":"anatomie-videos","status":"publish","type":"page","link":"https:\/\/nitro.edt.ru.nl\/anatomie\/","title":{"rendered":"Anatomie video&#8217;s"},"content":{"rendered":"\n<p><strong>Welkom!<\/strong><\/p>\n\n\n\n<p>Op deze website worden de botten van het menselijke skelet \u00e9\u00e9n voor \u00e9\u00e9n besproken aan de hand van korte filmpjes. <\/p>\n\n\n\n<p>Deze video&#8217;s kunnen handig en leuk zijn voor iedereen die de namen van alle botten van het menselijke skelet wil leren.<\/p>\n\n\n\n<p>Per videoclip\/bot wordt de Nederlandse naam, de Latijnse naam, de Engelse naam en de herkomst van het woord benoemd. Dat laatste maakt het makkelijker en leuker om de namen te onthouden.<\/p>\n\n\n\n<p>Aan het einde van sommige videoclips wordt een kort voorbeeld gegeven van specifieke letsels en de chirurgische behandeling ervan.<\/p>\n\n\n\n<p><\/p>\n\n\n\n<p>Kijk als je voor het eerst op deze website bent naar onderstaande korte introductie video:<\/p>\n\n\n\n<figure class=\"wp-block-embed is-type-video is-provider-youtube wp-block-embed-youtube wp-embed-aspect-16-9 wp-has-aspect-ratio\"><div class=\"wp-block-embed__wrapper\">\n<iframe loading=\"lazy\" title=\"Introductie\" width=\"525\" height=\"295\" src=\"https:\/\/www.youtube.com\/embed\/tI8p3UU9r1A?feature=oembed\" frameborder=\"0\" allow=\"accelerometer; autoplay; clipboard-write; encrypted-media; gyroscope; picture-in-picture; web-share\" referrerpolicy=\"strict-origin-when-cross-origin\" allowfullscreen><\/iframe>\n<\/div><\/figure>\n\n\n\n<p>Als je bovengenoemde video hebt bekeken kan je <a href=\"https:\/\/nitro.edt.ru.nl\/anatomie\/anatomie-videos-2\/\" data-type=\"link\" data-id=\"https:\/\/nitro.edt.ru.nl\/anatomie\/anatomie-videos-2\/\">via deze pagina<\/a> de verschillende botten aanklikken om de specifieke video te starten.<\/p>\n\n\n\n<p><\/p>\n\n\n\n<p>Je kan ook de video&#8217;s achter elkaar bekijken <a href=\"https:\/\/www.youtube.com\/watch?v=tI8p3UU9r1A&amp;list=PLNXNopgc3ES3wE87xNf0u83Pcw0PulhDd\" data-type=\"link\" data-id=\"https:\/\/www.youtube.com\/watch?v=tI8p3UU9r1A&amp;list=PLNXNopgc3ES3wE87xNf0u83Pcw0PulhDd\">via de afspeellijst op Youtube.<\/a><\/p>\n\n\n\n<p>Veel leerzame momenten en kijkplezier toegewenst!<\/p>\n","protected":false},"excerpt":{"rendered":"<p>Welkom! Op deze website worden de botten van het menselijke skelet \u00e9\u00e9n voor \u00e9\u00e9n besproken aan de hand van korte filmpjes. Deze video&#8217;s kunnen handig en leuk zijn voor iedereen die de namen van alle botten van het menselijke skelet wil leren. Per videoclip\/bot wordt de Nederlandse naam, de Latijnse naam, de Engelse naam en &hellip; <\/p>\n<p class=\"link-more\"><a href=\"https:\/\/nitro.edt.ru.nl\/anatomie\/\" class=\"more-link\">Continue reading<span class=\"screen-reader-text\"> &#8220;Anatomie video&#8217;s&#8221;<\/span><\/a><\/p>\n","protected":false},"author":52,"featured_media":0,"parent":0,"menu_order":0,"comment_status":"closed","ping_status":"closed","template":"","meta":{"footnotes":""},"class_list":["post-7","page","type-page","status-publish","hentry"],"_links":{"self":[{"href":"https:\/\/nitro.edt.ru.nl\/anatomie\/wp-json\/wp\/v2\/pages\/7","targetHints":{"allow":["GET"]}}],"collection":[{"href":"https:\/\/nitro.edt.ru.nl\/anatomie\/wp-json\/wp\/v2\/pages"}],"about":[{"href":"https:\/\/nitro.edt.ru.nl\/anatomie\/wp-json\/wp\/v2\/types\/page"}],"author":[{"embeddable":true,"href":"https:\/\/nitro.edt.ru.nl\/anatomie\/wp-json\/wp\/v2\/users\/52"}],"replies":[{"embeddable":true,"href":"https:\/\/nitro.edt.ru.nl\/anatomie\/wp-json\/wp\/v2\/comments?post=7"}],"version-history":[{"count":20,"href":"https:\/\/nitro.edt.ru.nl\/anatomie\/wp-json\/wp\/v2\/pages\/7\/revisions"}],"predecessor-version":[{"id":119,"href":"https:\/\/nitro.edt.ru.nl\/anatomie\/wp-json\/wp\/v2\/pages\/7\/revisions\/119"}],"wp:attachment":[{"href":"https:\/\/nitro.edt.ru.nl\/anatomie\/wp-json\/wp\/v2\/media?parent=7"}],"curies":[{"name":"wp","href":"https:\/\/api.w.org\/{rel}","templated":true}]}}