{"id":998,"date":"2020-02-28T15:25:43","date_gmt":"2020-02-28T15:25:43","guid":{"rendered":"https:\/\/nitro.edt.ru.nl\/teaching\/featured\/dit-inspireert-michelle-veugelers\/"},"modified":"2021-01-29T16:08:39","modified_gmt":"2021-01-29T16:08:39","slug":"dit-inspireert-michelle-veugelers","status":"publish","type":"page","link":"https:\/\/nitro.edt.ru.nl\/teaching\/inspiratie\/dit-inspireert-michelle-veugelers\/","title":{"rendered":"Dit inspireert Michelle Veugelers"},"content":{"rendered":"\t\t<div data-elementor-type=\"wp-page\" data-elementor-id=\"998\" class=\"elementor elementor-998\" data-elementor-post-type=\"page\">\n\t\t\t\t\t\t<section class=\"elementor-section elementor-top-section elementor-element elementor-element-728aeccc elementor-section-boxed elementor-section-height-default elementor-section-height-default\" data-id=\"728aeccc\" data-element_type=\"section\" data-e-type=\"section\">\n\t\t\t\t\t\t<div class=\"elementor-container elementor-column-gap-default\">\n\t\t\t\t\t<div class=\"elementor-column elementor-col-100 elementor-top-column elementor-element elementor-element-40f1b3b2\" data-id=\"40f1b3b2\" data-element_type=\"column\" data-e-type=\"column\">\n\t\t\t<div class=\"elementor-widget-wrap elementor-element-populated\">\n\t\t\t\t\t\t<div class=\"elementor-element elementor-element-1051025c elementor-widget elementor-widget-text-editor\" data-id=\"1051025c\" data-element_type=\"widget\" data-e-type=\"widget\" data-widget_type=\"text-editor.default\">\n\t\t\t\t<div class=\"elementor-widget-container\">\n\t\t\t\t\t\t\t\t\t<p>\u2018Je kunt niet slim zijn tegen je zin\u2019, vertelde hoogleraar Joseph Kessels me in zijn tuin in Terschuur toen we samen spraken over het ontwerpen als leerproces. Deze zin herinnert me er bij elk ontwerp aan om te transformeren tot deelnemer\/student en, als het even kan, met hen samen het ontwerpproces te doorlopen. Hoe kijk ik als deelnemer naar dit thema of vraagstuk? Wat is voor mij als deelnemer urgent op d\u00cct moment, in d\u00e9ze situatie of d\u00e9ze omgeving.<\/p><p>Het Ontwerpboek van Mari\u00ebl Rondeel geeft me elke keer weer nieuwe idee\u00ebn om samen met deelnemers\/studenten leeromgevingen te ontwerpen die bijblijven.<\/p>\t\t\t\t\t\t\t\t<\/div>\n\t\t\t\t<\/div>\n\t\t\t\t\t<\/div>\n\t\t<\/div>\n\t\t\t\t\t<\/div>\n\t\t<\/section>\n\t\t\t\t<\/div>\n\t\t","protected":false},"excerpt":{"rendered":"<p>\u2018Je kunt niet slim zijn tegen je zin\u2019, vertelde hoogleraar Joseph Kessels me in zijn tuin in Terschuur toen we samen spraken over het ontwerpen als leerproces. Deze zin herinnert me er bij elk ontwerp aan om te transformeren tot deelnemer\/student en, als het even kan, met hen samen het ontwerpproces te doorlopen. Hoe kijk [&hellip;]<\/p>\n","protected":false},"author":1,"featured_media":963,"parent":967,"menu_order":0,"comment_status":"closed","ping_status":"closed","template":"template-centered.php","meta":{"_acf_changed":false,"footnotes":""},"categories":[],"tags":[32],"class_list":["post-998","page","type-page","status-publish","has-post-thumbnail","hentry","tag-inspiratie"],"acf":[],"_links":{"self":[{"href":"https:\/\/nitro.edt.ru.nl\/teaching\/wp-json\/wp\/v2\/pages\/998","targetHints":{"allow":["GET"]}}],"collection":[{"href":"https:\/\/nitro.edt.ru.nl\/teaching\/wp-json\/wp\/v2\/pages"}],"about":[{"href":"https:\/\/nitro.edt.ru.nl\/teaching\/wp-json\/wp\/v2\/types\/page"}],"author":[{"embeddable":true,"href":"https:\/\/nitro.edt.ru.nl\/teaching\/wp-json\/wp\/v2\/users\/1"}],"replies":[{"embeddable":true,"href":"https:\/\/nitro.edt.ru.nl\/teaching\/wp-json\/wp\/v2\/comments?post=998"}],"version-history":[{"count":3,"href":"https:\/\/nitro.edt.ru.nl\/teaching\/wp-json\/wp\/v2\/pages\/998\/revisions"}],"predecessor-version":[{"id":1109,"href":"https:\/\/nitro.edt.ru.nl\/teaching\/wp-json\/wp\/v2\/pages\/998\/revisions\/1109"}],"up":[{"embeddable":true,"href":"https:\/\/nitro.edt.ru.nl\/teaching\/wp-json\/wp\/v2\/pages\/967"}],"wp:featuredmedia":[{"embeddable":true,"href":"https:\/\/nitro.edt.ru.nl\/teaching\/wp-json\/wp\/v2\/media\/963"}],"wp:attachment":[{"href":"https:\/\/nitro.edt.ru.nl\/teaching\/wp-json\/wp\/v2\/media?parent=998"}],"wp:term":[{"taxonomy":"category","embeddable":true,"href":"https:\/\/nitro.edt.ru.nl\/teaching\/wp-json\/wp\/v2\/categories?post=998"},{"taxonomy":"post_tag","embeddable":true,"href":"https:\/\/nitro.edt.ru.nl\/teaching\/wp-json\/wp\/v2\/tags?post=998"}],"curies":[{"name":"wp","href":"https:\/\/api.w.org\/{rel}","templated":true}]}}